{"id":28,"date":"2024-04-18T18:01:24","date_gmt":"2024-04-18T18:01:24","guid":{"rendered":"http:\/\/fdp-perl.info\/?page_id=28"},"modified":"2024-04-29T18:09:43","modified_gmt":"2024-04-29T18:09:43","slug":"schwerpunkte-themen","status":"publish","type":"page","link":"https:\/\/fdp-perl.info\/?page_id=28","title":{"rendered":"Schwerpunkte &amp; Themen"},"content":{"rendered":"\n<h2 class=\"wp-block-heading\"><strong>Das FDP Perl Kernteam 2024<\/strong><\/h2>\n\n\n\n<figure class=\"wp-block-image size-large\"><img loading=\"lazy\" decoding=\"async\" width=\"1024\" height=\"684\" src=\"http:\/\/fdp-perl.info\/wp-content\/uploads\/2024\/04\/Bruecke-2-1024x684.jpg\" alt=\"\" class=\"wp-image-126\" srcset=\"https:\/\/fdp-perl.info\/wp-content\/uploads\/2024\/04\/Bruecke-2-1024x684.jpg 1024w, https:\/\/fdp-perl.info\/wp-content\/uploads\/2024\/04\/Bruecke-2-300x200.jpg 300w, https:\/\/fdp-perl.info\/wp-content\/uploads\/2024\/04\/Bruecke-2-2000x1336.jpg 2000w, https:\/\/fdp-perl.info\/wp-content\/uploads\/2024\/04\/Bruecke-2-600x400.jpg 600w, https:\/\/fdp-perl.info\/wp-content\/uploads\/2024\/04\/Bruecke-2-1200x800.jpg 1200w\" sizes=\"(max-width: 1024px) 100vw, 1024px\" \/><\/figure>\n\n\n\n<p><strong>Frischer Wind f\u00fcr Perl<\/strong>:&nbsp;<\/p>\n\n\n\n<p>Wir sind Euer hoch motivierter neuer Ortsverband und bringen \u00e4u\u00dferst innovative Ideen und energiegeladene K\u00f6pfe in die Gemeindearbeit ein.<\/p>\n\n\n\n<p><strong>Vielf\u00e4ltige Expertise<\/strong>:&nbsp;<\/p>\n\n\n\n<p>Wir bringen unser Fachwissen aus den Bereichen Weinanbau, Bau, Tourismus, Recht &amp; Kultur ein, um die besten Entscheidungen f\u00fcr Perl zu treffen.<\/p>\n\n\n\n<p><strong>Partei\u00fcbergreifender &amp; liberaler Dialog f\u00fcr Perl<\/strong><strong>:<\/strong>&nbsp;<\/p>\n\n\n\n<p>Wir setzen auf Offenheit und Zusammenarbeit \u00fcber Parteigrenzen hinweg, um gemeinsam zukunftsgerichtete Konzepte f\u00fcr Perl zu entwickeln.<\/p>\n\n\n\n<p><strong>Nachhaltiges Wachstum<\/strong>:&nbsp;<\/p>\n\n\n\n<p>Wir engagieren uns f\u00fcr ein gesundes Wachstum und den klugen Einsatz von F\u00f6rdergeldern, um Perl weiterzuentwickeln.<\/p>\n\n\n\n<p><strong>Verein &amp; Ehrenamt:<\/strong><\/p>\n\n\n\n<p>Wir setzen uns f\u00fcr die F\u00f6rderung, St\u00e4rkung &amp; Entwicklung der Vereine und Ehren\u00e4mter ein.<\/p>\n","protected":false},"excerpt":{"rendered":"<p>Das FDP Perl Kernteam 2024 Frischer Wind f\u00fcr Perl:&nbsp; Wir sind Euer hoch motivierter neuer Ortsverband und bringen \u00e4u\u00dferst innovative Ideen und energiegeladene K\u00f6pfe in die Gemeindearbeit ein. Vielf\u00e4ltige Expertise:&nbsp; Wir bringen unser Fachwissen aus den Bereichen Weinanbau, Bau, Tourismus, Recht &amp; Kultur ein, um die besten Entscheidungen f\u00fcr Perl zu treffen. Partei\u00fcbergreifender &amp; liberaler &hellip; <\/p>\n<p class=\"link-more\"><a href=\"https:\/\/fdp-perl.info\/?page_id=28\" class=\"more-link\">Mehr <span class=\"screen-reader-text\">\u00fcber &#8222;Schwerpunkte &amp; Themen&#8220; <\/span>Lesen<\/a><\/p>\n","protected":false},"author":1,"featured_media":0,"parent":0,"menu_order":0,"comment_status":"closed","ping_status":"closed","template":"","meta":{"footnotes":""},"featured_media_urls":[],"_links":{"self":[{"href":"https:\/\/fdp-perl.info\/index.php?rest_route=\/wp\/v2\/pages\/28"}],"collection":[{"href":"https:\/\/fdp-perl.info\/index.php?rest_route=\/wp\/v2\/pages"}],"about":[{"href":"https:\/\/fdp-perl.info\/index.php?rest_route=\/wp\/v2\/types\/page"}],"author":[{"embeddable":true,"href":"https:\/\/fdp-perl.info\/index.php?rest_route=\/wp\/v2\/users\/1"}],"replies":[{"embeddable":true,"href":"https:\/\/fdp-perl.info\/index.php?rest_route=%2Fwp%2Fv2%2Fcomments&post=28"}],"version-history":[{"count":5,"href":"https:\/\/fdp-perl.info\/index.php?rest_route=\/wp\/v2\/pages\/28\/revisions"}],"predecessor-version":[{"id":150,"href":"https:\/\/fdp-perl.info\/index.php?rest_route=\/wp\/v2\/pages\/28\/revisions\/150"}],"wp:attachment":[{"href":"https:\/\/fdp-perl.info\/index.php?rest_route=%2Fwp%2Fv2%2Fmedia&parent=28"}],"curies":[{"name":"wp","href":"https:\/\/api.w.org\/{rel}","templated":true}]}}